{"id":15,"date":"2016-03-02T13:26:18","date_gmt":"2016-03-02T12:26:18","guid":{"rendered":"http:\/\/www.fratelli-bertolotti.com\/?page_id=15"},"modified":"2018-06-13T16:59:53","modified_gmt":"2018-06-13T14:59:53","slug":"morsetteria-di-stazione","status":"publish","type":"page","link":"https:\/\/www.fratelli-bertolotti.com\/it\/prodotti\/morsetteria-di-stazione\/","title":{"rendered":"Morsetteria di Stazione"},"content":{"rendered":"<div id=\"pl-15\"  class=\"panel-layout\" ><div id=\"pg-15-0\"  class=\"panel-grid panel-no-style\" ><div id=\"pgc-15-0-0\"  class=\"panel-grid-cell\" ><div id=\"panel-15-0-0-0\" class=\"so-panel widget widget_sow-image panel-first-child panel-last-child\" data-index=\"0\" ><div\n\t\t\t\n\t\t\tclass=\"so-widget-sow-image so-widget-sow-image-default-6b88c04c1f9b-15\"\n\t\t\t\n\t\t>\n\n<div class=\"sow-image-container\">\n\t\t\t<a href=\"http:\/\/www.fratelli-bertolotti.com\/wp-content\/uploads\/2018\/06\/Portfoglio-06.jpg\"\n\t\t\t\t\t>\n\t\t\t<img src=\"https:\/\/www.fratelli-bertolotti.com\/wp-content\/uploads\/2018\/06\/Portfoglio-06.jpg\" width=\"728\" height=\"550\" srcset=\"https:\/\/www.fratelli-bertolotti.com\/wp-content\/uploads\/2018\/06\/Portfoglio-06.jpg 728w, https:\/\/www.fratelli-bertolotti.com\/wp-content\/uploads\/2018\/06\/Portfoglio-06-300x227.jpg 300w\" sizes=\"(max-width: 728px) 100vw, 728px\" title=\"Cicli Termici * Heating Cycles * Ciclos T\u00e9rmicos\" alt=\"\" loading=\"lazy\" \t\tclass=\"so-widget-image\"\/>\n\t<\/a><\/div>\n\n<\/div><\/div><\/div><div id=\"pgc-15-0-1\"  class=\"panel-grid-cell\" ><div id=\"panel-15-0-1-0\" class=\"so-panel widget widget_sow-editor panel-first-child panel-last-child\" data-index=\"1\" ><div\n\t\t\t\n\t\t\tclass=\"so-widget-sow-editor so-widget-sow-editor-base\"\n\t\t\t\n\t\t>\n<div class=\"siteorigin-widget-tinymce textwidget\">\n\t<p style=\"text-align: justify;\">La \"<strong>FB<\/strong>\" \u00e8 da molti anni presente sul mercato della morsetteria di stazione con una gamma di prodotti completa ed in grado di risolvere anche i pi\u00f9 complessi problemi di connessione elettrica. Il programma di produzione comprende infatti morsetteria monometallica sia in lega di alluminio che in lega di rame:<\/p>\n<\/div>\n<\/div><\/div><\/div><\/div><div id=\"pg-15-1\"  class=\"panel-grid panel-no-style\" ><div id=\"pgc-15-1-0\"  class=\"panel-grid-cell\" ><div id=\"panel-15-1-0-0\" class=\"so-panel widget widget_sow-editor panel-first-child panel-last-child\" data-index=\"2\" ><div\n\t\t\t\n\t\t\tclass=\"so-widget-sow-editor so-widget-sow-editor-base\"\n\t\t\t\n\t\t>\n<div class=\"siteorigin-widget-tinymce textwidget\">\n\t<p style=\"text-align: justify;\">la prima, oltre che nelle giunzioni alluminio-alluminio, pu\u00f2 essere impiegata, senza alcun rischio di corrosione, anche in quelle alluminio-rame; la seconda \u00e8 invece destinata alle giunzioni rame-rame.<\/p>\n<p style=\"text-align: justify;\">Dal punto di vista delle modalit\u00e0 di collegamento al conduttore, le morse \"<strong>FB<\/strong>\" si dividono in:<\/p>\n<ul>\n<li style=\"text-align: justify;\">morse a bulloni<\/li>\n<li style=\"text-align: justify;\">morse a compressione<\/li>\n<li style=\"text-align: justify;\">morse a saldare.<\/li>\n<\/ul>\n<p style=\"text-align: justify;\">Tutti e tre i metodi presentano vantaggi e svantaggi e la scelta di uno o dell'altro \u00e8 legata a molteplici fattori di carattere sia tecnico che economico; caratteristica comune \u00e8 comunque l'estrema affidabilit\u00e0 della connessione che, se effettuata correttamente, \u00e8 in grado di garantire un servizio ininterrotto ed una costanza di prestazioni anche nelle pi\u00f9 gravose condizioni di esercizio.<\/p>\n<\/div>\n<\/div><\/div><\/div><\/div><div id=\"pg-15-2\"  class=\"panel-grid panel-no-style\" ><div id=\"pgc-15-2-0\"  class=\"panel-grid-cell\" ><div id=\"panel-15-2-0-0\" class=\"so-panel widget widget_sow-image panel-first-child panel-last-child\" data-index=\"3\" ><div\n\t\t\t\n\t\t\tclass=\"so-widget-sow-image so-widget-sow-image-default-6b88c04c1f9b-15\"\n\t\t\t\n\t\t>\n\n<div class=\"sow-image-container\">\n\t\t\t<a href=\"http:\/\/www.fratelli-bertolotti.com\/wp-content\/uploads\/2016\/03\/Portfoglio-07.jpg\"\n\t\t\t\t\t>\n\t\t\t<img src=\"https:\/\/www.fratelli-bertolotti.com\/wp-content\/uploads\/2016\/03\/Portfoglio-07.jpg\" width=\"728\" height=\"706\" srcset=\"https:\/\/www.fratelli-bertolotti.com\/wp-content\/uploads\/2016\/03\/Portfoglio-07.jpg 728w, https:\/\/www.fratelli-bertolotti.com\/wp-content\/uploads\/2016\/03\/Portfoglio-07-300x291.jpg 300w\" sizes=\"(max-width: 728px) 100vw, 728px\" title=\"Prova di radio disturbo * RIV Test * Ensayo de radiointerferencia\" alt=\"\" loading=\"lazy\" \t\tclass=\"so-widget-image\"\/>\n\t<\/a><\/div>\n\n<\/div><\/div><\/div><div id=\"pgc-15-2-1\"  class=\"panel-grid-cell\" ><div id=\"panel-15-2-1-0\" class=\"so-panel widget widget_sow-editor panel-first-child panel-last-child\" data-index=\"4\" ><div\n\t\t\t\n\t\t\tclass=\"so-widget-sow-editor so-widget-sow-editor-base\"\n\t\t\t\n\t\t><h3 class=\"widget-title\">CARATTERISTICHE<\/h3>\n<div class=\"siteorigin-widget-tinymce textwidget\">\n\t<p style=\"text-align: justify;\">L'accurata scelta di materiali e l'adeguato dimensionamento fanno s\u00ec che nella morsetteria \"fb\" si raggiunga il miglior compromesso tra le caratteristiche meccaniche e quelle elettriche.<br \/>\nIn particolare, con un corretto uso del morsetto, \u00e8 possibile ottenere e, cosa pi\u00f9 importante, mantenere nel tempo:<\/p>\n<\/div>\n<\/div><\/div><\/div><\/div><div id=\"pg-15-3\"  class=\"panel-grid panel-no-style\" ><div id=\"pgc-15-3-0\"  class=\"panel-grid-cell\" ><div id=\"panel-15-3-0-0\" class=\"so-panel widget widget_sow-editor panel-first-child panel-last-child\" data-index=\"5\" ><div\n\t\t\t\n\t\t\tclass=\"so-widget-sow-editor so-widget-sow-editor-base\"\n\t\t\t\n\t\t>\n<div class=\"siteorigin-widget-tinymce textwidget\">\n\t<ul>\n<li style=\"text-align: justify;\">una caduta di tensione agli estremi non superiore a quella di una uguale lunghezza di conduttore privo di giunzioni intermedie<\/li>\n<li style=\"text-align: justify;\">una sovratemperatura a regime inferiore a quella di almeno uno dei conduttori che unisce<\/li>\n<li style=\"text-align: justify;\">un'ottima resistenza alla corrosione<\/li>\n<li style=\"text-align: justify;\">bassi gradienti di potenziale sulla superficie.<\/li>\n<\/ul>\n<p>Quest' ultima propriet\u00e0 rende possibile l'utilizzo della morsetteria \"fb\", contenendo i livelli di radiointerferenza nei limiti ammessi dalle norme, in sistemi a tensione nominale fino a:<\/p>\n<ul>\n<li style=\"text-align: justify;\">245 KV per le morse in lega di rame,<\/li>\n<li style=\"text-align: justify;\">420 KV per le morse in lega di alluminio (l'impiego pu\u00f2 essere esteso a 550+800 KV dotando i morsetti di opportuni schermi antieffluvio).<\/li>\n<\/ul>\n<\/div>\n<\/div><\/div><\/div><\/div><div id=\"pg-15-4\"  class=\"panel-grid panel-no-style\" ><div id=\"pgc-15-4-0\"  class=\"panel-grid-cell\" ><div id=\"panel-15-4-0-0\" class=\"so-panel widget widget_sow-image panel-first-child panel-last-child\" data-index=\"6\" ><div\n\t\t\t\n\t\t\tclass=\"so-widget-sow-image so-widget-sow-image-default-d6014b76747a-15\"\n\t\t\t\n\t\t>\n\n<div class=\"sow-image-container\">\n\t\t\t<a href=\"http:\/\/www.fratelli-bertolotti.com\/wp-content\/uploads\/2016\/03\/Portfoglio-08.jpg\"\n\t\t\t\t\t>\n\t\t\t<img src=\"https:\/\/www.fratelli-bertolotti.com\/wp-content\/uploads\/2016\/03\/Portfoglio-08.jpg\" width=\"470\" height=\"685\" srcset=\"https:\/\/www.fratelli-bertolotti.com\/wp-content\/uploads\/2016\/03\/Portfoglio-08.jpg 470w, https:\/\/www.fratelli-bertolotti.com\/wp-content\/uploads\/2016\/03\/Portfoglio-08-206x300.jpg 206w\" sizes=\"(max-width: 470px) 100vw, 470px\" title=\"Prova di invecchiamento artificiale * Artificial ageing test * Ensayo de envejecimento artificial\" alt=\"\" loading=\"lazy\" \t\tclass=\"so-widget-image\"\/>\n\t<\/a><\/div>\n\n<\/div><\/div><\/div><div id=\"pgc-15-4-1\"  class=\"panel-grid-cell\" ><div id=\"panel-15-4-1-0\" class=\"so-panel widget widget_sow-editor panel-first-child panel-last-child\" data-index=\"7\" ><div\n\t\t\t\n\t\t\tclass=\"so-widget-sow-editor so-widget-sow-editor-base\"\n\t\t\t\n\t\t><h3 class=\"widget-title\">MATERIALI<\/h3>\n<div class=\"siteorigin-widget-tinymce textwidget\">\n\t<p style=\"text-align: left;\">I principali materiali impiegati nella costruzione della morsetteria \"fb\" sono:<\/p>\n<ol>\n<li style=\"text-align: left;\">morse in lega di alluminio\n<ul>\n<li style=\"text-align: left;\">per le parti a bulloni e a saldare G-AL SI 7 MG MN (UNI 3599)<\/li>\n<li style=\"text-align: left;\">per le parti a compressione P-ALP 99,5 (UNI 4507)<\/li>\n<\/ul>\n<\/li>\n<li style=\"text-align: left;\">morse in lega di rame\n<ul>\n<li style=\"text-align: left;\">G-CU SN 10 (UNI 7013-1a)<\/li>\n<\/ul>\n<\/li>\n<li>bulloneria\n<ul>\n<li>acciaio inossidabile\u00a0X 5 CR NI1810 (UNI 6900)<\/li>\n<li>lega di alluminio(su richiesta)\u00a0P-AL ZN 5,8 MG CU (UNI 3735).<\/li>\n<\/ul>\n<\/li>\n<\/ol>\n<\/div>\n<\/div><\/div><\/div><\/div><div id=\"pg-15-5\"  class=\"panel-grid panel-no-style\" ><div id=\"pgc-15-5-0\"  class=\"panel-grid-cell\" ><div id=\"panel-15-5-0-0\" class=\"so-panel widget widget_sow-editor panel-first-child panel-last-child\" data-index=\"8\" ><div\n\t\t\t\n\t\t\tclass=\"so-widget-sow-editor so-widget-sow-editor-base\"\n\t\t\t\n\t\t><h3 class=\"widget-title\">MONTAGGIO<\/h3>\n<div class=\"siteorigin-widget-tinymce textwidget\">\n\t<p style=\"text-align: justify;\">Particolare cura \u00e8 posta dai progettisti \"<strong>FB<\/strong>\" nel semplificare il pi\u00f9 possibile le operazioni di montaggio dei morsetti: ci\u00f2 sia per ridurre i tempi di messa in servizio che per avere maggiori garanzie di una corretta installazione che, come \u00e8 stato pi\u00f9 volte sottolineato, \u00e8 fondamentale per l'affidabilit\u00e0 e le prestazioni della connessione.<\/p>\n<p style=\"text-align: justify;\">Tra le varie operazioni, dettagliatamente descritte nelle apposite istruzioni di cui \u00e8 dotata ogni fornitura, \u00e8 opportuno ricordare, in quanto particolarmente importanti:<\/p>\n<ul>\n<li style=\"text-align: justify;\">l'accurata pulizia delle parti da unire e, soprattutto, la rimozione della pellicola di ossido sulle superfici di alluminio<\/li>\n<li style=\"text-align: justify;\">l'uso dell'apposita pasta inibitrice della corrosione (CONOX) ai fini di facilitare il passaggio di corrente e di sigillare la connessione<\/li>\n<li style=\"text-align: justify;\">l'impiego delle chiavi dinamometriche nel serraggio dei bulloni<\/li>\n<li style=\"text-align: justify;\">l'adozione del metodo di saldatura MIG nel montaggio delle morse a saldare (\u00e8 il pi\u00f9 adatto in impianto per questioni di praticit\u00e0).<\/li>\n<\/ul>\n<\/div>\n<\/div><\/div><\/div><\/div><div id=\"pg-15-6\"  class=\"panel-grid panel-no-style\" ><div id=\"pgc-15-6-0\"  class=\"panel-grid-cell\" ><div id=\"panel-15-6-0-0\" class=\"so-panel widget widget_sow-editor panel-first-child panel-last-child\" data-index=\"9\" ><div\n\t\t\t\n\t\t\tclass=\"so-widget-sow-editor so-widget-sow-editor-base\"\n\t\t\t\n\t\t><h3 class=\"widget-title\">NORME<\/h3>\n<div class=\"siteorigin-widget-tinymce textwidget\">\n\t<p style=\"text-align: justify;\">Poich\u00e9 non esiste una normativa europea (IEC) in materia, i morsetti \"fb\" sono progettati e costruiti in conformit\u00e0 alle specifiche ENEL LM 2002 ed LM 2007.<br \/>\nTali specifiche sono particolarmente severe e prevedono una lunga serie di prove (meccaniche, termiche, di invecchiamento artificiale, di radiodisturbo, di corto-circuito,...) a cui devono essere sottoposti i vari morsetti per ottenere l'omologazione.<br \/>\nE' disponibile un'ampia certificazione delle prove eseguite, naturalmente sui tipi normalmente impiegati dall'ENEL; poich\u00e9 per\u00f2 la filosofia di progetto della morsetteria \"fb\" \u00e8 unica, la validit\u00e0 di tali certificati pu\u00f2 sicuramente essere estesa all'intera gamma dei prodotti.<\/p>\n<p style=\"text-align: justify;\">La \"<strong>FB<\/strong>\" S.p.A. si riserva di variare, senza preavviso, uno o pi\u00f9 elementi del catalogo in conseguenza di futuri sviluppi e relativi miglioramenti delI' apparecchiatura<\/p>\n<\/div>\n<\/div><\/div><\/div><\/div><div id=\"pg-15-7\"  class=\"panel-grid panel-no-style\" ><div id=\"pgc-15-7-0\"  class=\"panel-grid-cell\" ><div id=\"panel-15-7-0-0\" class=\"so-panel widget widget_sow-image panel-first-child panel-last-child\" data-index=\"10\" ><div\n\t\t\t\n\t\t\tclass=\"so-widget-sow-image so-widget-sow-image-default-d6014b76747a-15\"\n\t\t\t\n\t\t>\n\n<div class=\"sow-image-container\">\n\t\t\t<a href=\"http:\/\/www.fratelli-bertolotti.com\/wp-content\/uploads\/2016\/03\/Portfoglio-01.jpg\"\n\t\t\t\t\t>\n\t\t\t<img src=\"https:\/\/www.fratelli-bertolotti.com\/wp-content\/uploads\/2016\/03\/Portfoglio-01.jpg\" width=\"917\" height=\"1475\" srcset=\"https:\/\/www.fratelli-bertolotti.com\/wp-content\/uploads\/2016\/03\/Portfoglio-01.jpg 917w, https:\/\/www.fratelli-bertolotti.com\/wp-content\/uploads\/2016\/03\/Portfoglio-01-187x300.jpg 187w, https:\/\/www.fratelli-bertolotti.com\/wp-content\/uploads\/2016\/03\/Portfoglio-01-768x1235.jpg 768w, https:\/\/www.fratelli-bertolotti.com\/wp-content\/uploads\/2016\/03\/Portfoglio-01-637x1024.jpg 637w\" sizes=\"(max-width: 917px) 100vw, 917px\" title=\"Portfoglio 01\" alt=\"\" loading=\"lazy\" \t\tclass=\"so-widget-image\"\/>\n\t<\/a><\/div>\n\n<\/div><\/div><\/div><div id=\"pgc-15-7-1\"  class=\"panel-grid-cell\" ><div id=\"panel-15-7-1-0\" class=\"so-panel widget widget_sow-editor panel-first-child panel-last-child\" data-index=\"11\" ><div\n\t\t\t\n\t\t\tclass=\"so-widget-sow-editor so-widget-sow-editor-base\"\n\t\t\t\n\t\t>\n<div class=\"siteorigin-widget-tinymce textwidget\">\n\t<h4 style=\"text-align: justify;\">Morseteria per stazioni elettriche di alta tensione<\/h4>\n<h4 style=\"text-align: justify;\">High voltage substation connectors<\/h4>\n<h4 style=\"text-align: justify;\">Conectadores para subestaciones electricas de alta tension<\/h4>\n<\/div>\n<\/div><\/div><\/div><\/div><div id=\"pg-15-8\"  class=\"panel-grid panel-no-style\" ><div id=\"pgc-15-8-0\"  class=\"panel-grid-cell\" ><div id=\"panel-15-8-0-0\" class=\"so-panel widget widget_sow-editor panel-first-child panel-last-child\" data-index=\"12\" ><div\n\t\t\t\n\t\t\tclass=\"so-widget-sow-editor so-widget-sow-editor-base\"\n\t\t\t\n\t\t>\n<div class=\"siteorigin-widget-tinymce textwidget\">\n\t<h4 style=\"text-align: justify;\">Morsetteria in lega di alluminio a bulloni<\/h4>\n<h4 style=\"text-align: justify;\">Aluminum alloy bolted connectors<\/h4>\n<h4 style=\"text-align: justify;\">Conectadores en aleaci\u00f3n de aluminio con tornillos<\/h4>\n<\/div>\n<\/div><\/div><\/div><div id=\"pgc-15-8-1\"  class=\"panel-grid-cell\" ><div id=\"panel-15-8-1-0\" class=\"so-panel widget widget_sow-image panel-first-child panel-last-child\" data-index=\"13\" ><div\n\t\t\t\n\t\t\tclass=\"so-widget-sow-image so-widget-sow-image-default-d6014b76747a-15\"\n\t\t\t\n\t\t>\n\n<div class=\"sow-image-container\">\n\t\t\t<a href=\"http:\/\/www.fratelli-bertolotti.com\/wp-content\/uploads\/2016\/03\/Portfoglio-02.jpg\"\n\t\t\t\t\t>\n\t\t\t<img src=\"https:\/\/www.fratelli-bertolotti.com\/wp-content\/uploads\/2016\/03\/Portfoglio-02.jpg\" width=\"889\" height=\"570\" srcset=\"https:\/\/www.fratelli-bertolotti.com\/wp-content\/uploads\/2016\/03\/Portfoglio-02.jpg 889w, https:\/\/www.fratelli-bertolotti.com\/wp-content\/uploads\/2016\/03\/Portfoglio-02-300x192.jpg 300w, https:\/\/www.fratelli-bertolotti.com\/wp-content\/uploads\/2016\/03\/Portfoglio-02-768x492.jpg 768w\" sizes=\"(max-width: 889px) 100vw, 889px\" title=\"Portfoglio 02\" alt=\"\" loading=\"lazy\" \t\tclass=\"so-widget-image\"\/>\n\t<\/a><\/div>\n\n<\/div><\/div><\/div><\/div><div id=\"pg-15-9\"  class=\"panel-grid panel-no-style\" ><div id=\"pgc-15-9-0\"  class=\"panel-grid-cell\" ><div id=\"panel-15-9-0-0\" class=\"so-panel widget widget_sow-image panel-first-child panel-last-child\" data-index=\"14\" ><div\n\t\t\t\n\t\t\tclass=\"so-widget-sow-image so-widget-sow-image-default-d6014b76747a-15\"\n\t\t\t\n\t\t>\n\n<div class=\"sow-image-container\">\n\t\t\t<a href=\"http:\/\/www.fratelli-bertolotti.com\/wp-content\/uploads\/2016\/03\/Portfoglio-03.jpg\"\n\t\t\t\t\t>\n\t\t\t<img src=\"https:\/\/www.fratelli-bertolotti.com\/wp-content\/uploads\/2016\/03\/Portfoglio-03.jpg\" width=\"860\" height=\"454\" srcset=\"https:\/\/www.fratelli-bertolotti.com\/wp-content\/uploads\/2016\/03\/Portfoglio-03.jpg 860w, https:\/\/www.fratelli-bertolotti.com\/wp-content\/uploads\/2016\/03\/Portfoglio-03-300x158.jpg 300w, https:\/\/www.fratelli-bertolotti.com\/wp-content\/uploads\/2016\/03\/Portfoglio-03-768x405.jpg 768w\" sizes=\"(max-width: 860px) 100vw, 860px\" title=\"Portfoglio 03\" alt=\"\" loading=\"lazy\" \t\tclass=\"so-widget-image\"\/>\n\t<\/a><\/div>\n\n<\/div><\/div><\/div><div id=\"pgc-15-9-1\"  class=\"panel-grid-cell\" ><div id=\"panel-15-9-1-0\" class=\"so-panel widget widget_sow-editor panel-first-child panel-last-child\" data-index=\"15\" ><div\n\t\t\t\n\t\t\tclass=\"so-widget-sow-editor so-widget-sow-editor-base\"\n\t\t\t\n\t\t>\n<div class=\"siteorigin-widget-tinymce textwidget\">\n\t<h4 style=\"text-align: justify;\">Morsetteria in lega di alluminio a compressione<\/h4>\n<h4 style=\"text-align: justify;\">Aluminum alloy compression connectors<\/h4>\n<h4 style=\"text-align: justify;\">\u200bConectadores en aleaci\u00f3n de aluminio con tornillos<\/h4>\n<\/div>\n<\/div><\/div><\/div><\/div><div id=\"pg-15-10\"  class=\"panel-grid panel-no-style\" ><div id=\"pgc-15-10-0\"  class=\"panel-grid-cell\" ><div id=\"panel-15-10-0-0\" class=\"so-panel widget widget_sow-editor panel-first-child panel-last-child\" data-index=\"16\" ><div\n\t\t\t\n\t\t\tclass=\"so-widget-sow-editor so-widget-sow-editor-base\"\n\t\t\t\n\t\t>\n<div class=\"siteorigin-widget-tinymce textwidget\">\n\t<h4>Morsetteria in lega di alluminio a saldare<\/h4>\n<h4>Aluminum alloy weldments<\/h4>\n<h4>\u200bConectadores en aleaci\u00f3n de aluminio por soldar<\/h4>\n<\/div>\n<\/div><\/div><\/div><div id=\"pgc-15-10-1\"  class=\"panel-grid-cell\" ><div id=\"panel-15-10-1-0\" class=\"so-panel widget widget_sow-image panel-first-child panel-last-child\" data-index=\"17\" ><div\n\t\t\t\n\t\t\tclass=\"so-widget-sow-image so-widget-sow-image-default-d6014b76747a-15\"\n\t\t\t\n\t\t>\n\n<div class=\"sow-image-container\">\n\t\t\t<a href=\"http:\/\/www.fratelli-bertolotti.com\/wp-content\/uploads\/2016\/03\/Portfoglio-04.jpg\"\n\t\t\t\t\t>\n\t\t\t<img src=\"https:\/\/www.fratelli-bertolotti.com\/wp-content\/uploads\/2016\/03\/Portfoglio-04.jpg\" width=\"889\" height=\"497\" srcset=\"https:\/\/www.fratelli-bertolotti.com\/wp-content\/uploads\/2016\/03\/Portfoglio-04.jpg 889w, https:\/\/www.fratelli-bertolotti.com\/wp-content\/uploads\/2016\/03\/Portfoglio-04-300x168.jpg 300w, https:\/\/www.fratelli-bertolotti.com\/wp-content\/uploads\/2016\/03\/Portfoglio-04-768x429.jpg 768w\" sizes=\"(max-width: 889px) 100vw, 889px\" title=\"Portfoglio 04\" alt=\"\" loading=\"lazy\" \t\tclass=\"so-widget-image\"\/>\n\t<\/a><\/div>\n\n<\/div><\/div><\/div><\/div><div id=\"pg-15-11\"  class=\"panel-grid panel-no-style\" ><div id=\"pgc-15-11-0\"  class=\"panel-grid-cell\" ><div id=\"panel-15-11-0-0\" class=\"so-panel widget widget_sow-image panel-first-child panel-last-child\" data-index=\"18\" ><div\n\t\t\t\n\t\t\tclass=\"so-widget-sow-image so-widget-sow-image-default-d6014b76747a-15\"\n\t\t\t\n\t\t>\n\n<div class=\"sow-image-container\">\n\t\t\t<a href=\"http:\/\/www.fratelli-bertolotti.com\/wp-content\/uploads\/2016\/03\/Portfoglio-05.jpg\"\n\t\t\t\t\t>\n\t\t\t<img src=\"https:\/\/www.fratelli-bertolotti.com\/wp-content\/uploads\/2016\/03\/Portfoglio-05.jpg\" width=\"888\" height=\"619\" srcset=\"https:\/\/www.fratelli-bertolotti.com\/wp-content\/uploads\/2016\/03\/Portfoglio-05.jpg 888w, https:\/\/www.fratelli-bertolotti.com\/wp-content\/uploads\/2016\/03\/Portfoglio-05-300x209.jpg 300w, https:\/\/www.fratelli-bertolotti.com\/wp-content\/uploads\/2016\/03\/Portfoglio-05-768x535.jpg 768w\" sizes=\"(max-width: 888px) 100vw, 888px\" title=\"Portfoglio 05\" alt=\"\" loading=\"lazy\" \t\tclass=\"so-widget-image\"\/>\n\t<\/a><\/div>\n\n<\/div><\/div><\/div><div id=\"pgc-15-11-1\"  class=\"panel-grid-cell\" ><div id=\"panel-15-11-1-0\" class=\"so-panel widget widget_sow-editor panel-first-child panel-last-child\" data-index=\"19\" ><div\n\t\t\t\n\t\t\tclass=\"so-widget-sow-editor so-widget-sow-editor-base\"\n\t\t\t\n\t\t>\n<div class=\"siteorigin-widget-tinymce textwidget\">\n\t<h4>Morsetteria in lega di rame<\/h4>\n<h4>Copper alloy connectors<\/h4>\n<h4>Conectadores en aleaci\u00f3n de cobre<\/h4>\n<\/div>\n<\/div><\/div><\/div><\/div><\/div>","protected":false},"excerpt":{"rendered":"<p>La &#8220;FB&#8221; \u00e8 da molti anni presente sul mercato della morsetteria di stazione con una gamma di prodotti completa ed in grado di risolvere anche i pi\u00f9 complessi problemi di connessione elettrica. Il programma di produzione comprende infatti morsetteria monometallica sia in lega di alluminio che in lega di rame: la prima, oltre che nelle [&hellip;]<\/p>\n <a class=\"more-link\" href=\"https:\/\/www.fratelli-bertolotti.com\/it\/prodotti\/morsetteria-di-stazione\/\">Keep reading<\/a>","protected":false},"author":1,"featured_media":0,"parent":184,"menu_order":3,"comment_status":"closed","ping_status":"closed","template":"","meta":[],"_links":{"self":[{"href":"https:\/\/www.fratelli-bertolotti.com\/it\/wp-json\/wp\/v2\/pages\/15"}],"collection":[{"href":"https:\/\/www.fratelli-bertolotti.com\/it\/wp-json\/wp\/v2\/pages"}],"about":[{"href":"https:\/\/www.fratelli-bertolotti.com\/it\/wp-json\/wp\/v2\/types\/page"}],"author":[{"embeddable":true,"href":"https:\/\/www.fratelli-bertolotti.com\/it\/wp-json\/wp\/v2\/users\/1"}],"replies":[{"embeddable":true,"href":"https:\/\/www.fratelli-bertolotti.com\/it\/wp-json\/wp\/v2\/comments?post=15"}],"version-history":[{"count":34,"href":"https:\/\/www.fratelli-bertolotti.com\/it\/wp-json\/wp\/v2\/pages\/15\/revisions"}],"predecessor-version":[{"id":475,"href":"https:\/\/www.fratelli-bertolotti.com\/it\/wp-json\/wp\/v2\/pages\/15\/revisions\/475"}],"up":[{"embeddable":true,"href":"https:\/\/www.fratelli-bertolotti.com\/it\/wp-json\/wp\/v2\/pages\/184"}],"wp:attachment":[{"href":"https:\/\/www.fratelli-bertolotti.com\/it\/wp-json\/wp\/v2\/media?parent=15"}],"curies":[{"name":"wp","href":"https:\/\/api.w.org\/{rel}","templated":true}]}}