{"id":18,"date":"2016-03-02T13:27:16","date_gmt":"2016-03-02T12:27:16","guid":{"rendered":"http:\/\/www.fratelli-bertolotti.com\/?page_id=18"},"modified":"2016-03-14T12:30:50","modified_gmt":"2016-03-14T11:30:50","slug":"sala-prove","status":"publish","type":"page","link":"https:\/\/www.fratelli-bertolotti.com\/it\/sala-prove\/","title":{"rendered":"Sala Prove"},"content":{"rendered":"<div id=\"pl-18\"  class=\"panel-layout\" ><div id=\"pg-18-0\"  class=\"panel-grid panel-no-style\" ><div id=\"pgc-18-0-0\"  class=\"panel-grid-cell\" ><div id=\"panel-18-0-0-0\" class=\"so-panel widget widget_sow-editor panel-first-child panel-last-child\" data-index=\"0\" ><div\n\t\t\t\n\t\t\tclass=\"so-widget-sow-editor so-widget-sow-editor-base\"\n\t\t\t\n\t\t>\n<div class=\"siteorigin-widget-tinymce textwidget\">\n\t<p style=\"text-align: justify;\">La particolarit\u00e0 del mercato oggetto dell\u2019attivit\u00e0 dell\u2019Azienda, determina la necessit\u00e0 di seguire con particolare cura l\u2019attivit\u00e0 di ricerca e progettazione mirata sia alle novit\u00e0 tecnologiche innovative che al mantenimento del livello tecnico di produzione.<br \/>In particolare l\u2019azienda possiede una sala prove debitamente attrezzata per prove meccaniche, dinamiche ed elettriche e fornita della pi\u00f9 moderna apparecchiatura per analisi e controlli che viene sovente usata, su richiesta della Committenza, per collaudi e prove per conto di terzi.<\/p>\n<p style=\"text-align: justify;\">\u00a0<\/p>\n<p style=\"text-align: justify;\">Costituisce parte della sala prove la campata sperimentale eccitata artificialmente corredata di una stazione mobile computerizzata per la gestione dei dati delle prove, con le seguenti caratteristiche:<\/p>\n<ul style=\"text-align: justify;\">\n<li>Lunghezza massima della campata di prova pari a m.115 (unica in Europa) con possibilit\u00e0 di allestire un punto di sospensione pura a 15 metri dall\u2019ormeggio;<\/li>\n<li>Massima configurazione del fascio di conduttori in prova: qualsiasi numero di sub-conduttori entro un diametro massimo dall'ormeggio di metri 1,20;<\/li>\n<li>Massimo tiro totale di lavoro: 36.000 daN<\/li>\n<\/ul>\n<p style=\"text-align: justify;\">Contestualmente a quanto descritto si sono sviluppate parallelamente le necessit\u00e0 qualitative dei clienti e l'impegno dell'Azienda per soddisfarle.<br \/>Il controllo sulla produzione, effettuata praticamente da sempre, sviluppandosi in modo sempre pi\u00f9 raffinato ha innescato l'impostazione del Sistema di Qualit\u00e0 Aziendale che, iniziato all'inizio degli anni novanta, si \u00e8 formalizzato compiutamente con l'ottenimento della Certificazione e nei relativi adeguamenti della stessa.<\/p>\n<p style=\"text-align: justify;\">\u00a0<\/p>\n<p style=\"text-align: justify;\">Il Sistema di Qualit\u00e0, volto sempre pi\u00f9 alla soddisfazione del Cliente, documentato dal Manuale della Qualit\u00e0, dalle procedure aziendali e dai documenti correlati, permette all'Azienda di ottemperare alle prescrizioni dei vari Clienti in modo completo, di sviluppare nuovi prodotti e affinare le tecnologie di produzione.<br \/>Inoltre l\u2019Azienda, per alcuni particolari processi (saldatura) ha ritenuto di operare utilizzando operatori certificati; sono certificati inoltre gli operatori di prove non distruttive come i controlli magnetoscopici e con liquidi penetranti.<br \/>Si pu\u00f2 concludere, pertanto che l'evoluzione qualitativa della Officina Fratelli Bertolotti \u00e8 progressiva e costante, conforme alle normative e volta alla \u201csoddisfazione del cliente\u201d.<\/p>\n<\/div>\n<\/div><\/div><\/div><\/div><div id=\"pg-18-1\"  class=\"panel-grid panel-no-style\" ><div id=\"pgc-18-1-0\"  class=\"panel-grid-cell\" ><div id=\"panel-18-1-0-0\" class=\"so-panel widget widget_sow-image panel-first-child panel-last-child\" data-index=\"1\" ><div\n\t\t\t\n\t\t\tclass=\"so-widget-sow-image so-widget-sow-image-default-d6014b76747a-18\"\n\t\t\t\n\t\t>\n\n<div class=\"sow-image-container\">\n\t\t\t<a href=\"http:\/\/www.fratelli-bertolotti.com\/wp-content\/uploads\/2016\/03\/bertolotti10.jpg\"\n\t\t\t\t\t>\n\t\t\t<img src=\"https:\/\/www.fratelli-bertolotti.com\/wp-content\/uploads\/2016\/03\/bertolotti10-300x200.jpg\" width=\"300\" height=\"200\" srcset=\"https:\/\/www.fratelli-bertolotti.com\/wp-content\/uploads\/2016\/03\/bertolotti10-300x200.jpg 300w, https:\/\/www.fratelli-bertolotti.com\/wp-content\/uploads\/2016\/03\/bertolotti10-768x513.jpg 768w, https:\/\/www.fratelli-bertolotti.com\/wp-content\/uploads\/2016\/03\/bertolotti10-272x182.jpg 272w, https:\/\/www.fratelli-bertolotti.com\/wp-content\/uploads\/2016\/03\/bertolotti10.jpg 788w\" sizes=\"(max-width: 300px) 100vw, 300px\" alt=\"\" loading=\"lazy\" \t\tclass=\"so-widget-image\"\/>\n\t<\/a><\/div>\n\n<\/div><\/div><\/div><div id=\"pgc-18-1-1\"  class=\"panel-grid-cell\" ><div id=\"panel-18-1-1-0\" class=\"so-panel widget widget_sow-image panel-first-child panel-last-child\" data-index=\"2\" ><div\n\t\t\t\n\t\t\tclass=\"so-widget-sow-image so-widget-sow-image-default-d6014b76747a-18\"\n\t\t\t\n\t\t>\n\n<div class=\"sow-image-container\">\n\t\t\t<a href=\"http:\/\/www.fratelli-bertolotti.com\/wp-content\/uploads\/2016\/03\/Salaprove.jpg\"\n\t\t\t\t\t>\n\t\t\t<img src=\"https:\/\/www.fratelli-bertolotti.com\/wp-content\/uploads\/2016\/03\/Salaprove-300x196.jpg\" width=\"300\" height=\"196\" srcset=\"https:\/\/www.fratelli-bertolotti.com\/wp-content\/uploads\/2016\/03\/Salaprove-300x196.jpg 300w, https:\/\/www.fratelli-bertolotti.com\/wp-content\/uploads\/2016\/03\/Salaprove-768x501.jpg 768w, https:\/\/www.fratelli-bertolotti.com\/wp-content\/uploads\/2016\/03\/Salaprove.jpg 791w\" sizes=\"(max-width: 300px) 100vw, 300px\" alt=\"\" loading=\"lazy\" \t\tclass=\"so-widget-image\"\/>\n\t<\/a><\/div>\n\n<\/div><\/div><\/div><div id=\"pgc-18-1-2\"  class=\"panel-grid-cell\" ><div id=\"panel-18-1-2-0\" class=\"so-panel widget widget_sow-image panel-first-child panel-last-child\" data-index=\"3\" ><div\n\t\t\t\n\t\t\tclass=\"so-widget-sow-image so-widget-sow-image-default-d6014b76747a-18\"\n\t\t\t\n\t\t>\n\n<div class=\"sow-image-container\">\n\t\t\t<a href=\"http:\/\/www.fratelli-bertolotti.com\/wp-content\/uploads\/2016\/03\/Foto-5.jpg\"\n\t\t\t\t\t>\n\t\t\t<img src=\"https:\/\/www.fratelli-bertolotti.com\/wp-content\/uploads\/2016\/03\/Foto-5-300x136.jpg\" width=\"300\" height=\"136\" srcset=\"https:\/\/www.fratelli-bertolotti.com\/wp-content\/uploads\/2016\/03\/Foto-5-300x136.jpg 300w, https:\/\/www.fratelli-bertolotti.com\/wp-content\/uploads\/2016\/03\/Foto-5.jpg 495w\" sizes=\"(max-width: 300px) 100vw, 300px\" alt=\"\" loading=\"lazy\" \t\tclass=\"so-widget-image\"\/>\n\t<\/a><\/div>\n\n<\/div><\/div><\/div><\/div><div id=\"pg-18-2\"  class=\"panel-grid panel-no-style\" ><div id=\"pgc-18-2-0\"  class=\"panel-grid-cell\" ><div id=\"panel-18-2-0-0\" class=\"so-panel widget widget_sow-button panel-first-child panel-last-child\" data-index=\"4\" ><div\n\t\t\t\n\t\t\tclass=\"so-widget-sow-button so-widget-sow-button-atom-f853773197fd-18\"\n\t\t\t\n\t\t><div class=\"ow-button-base ow-button-align-center\">\n\t<a href=\"https:\/\/www.fratelli-bertolotti.com\/it\/sala-prove\/prove-meccaniche-statiche-ed-elettriche\/\" class=\"ow-icon-placement-left ow-button-hover\" \t\t>\n\t\t<span>\n\t\t\t\n\t\t\tProve meccaniche statiche ed elettriche\t\t<\/span>\n\t<\/a>\n<\/div>\n<\/div><\/div><\/div><div id=\"pgc-18-2-1\"  class=\"panel-grid-cell\" ><div id=\"panel-18-2-1-0\" class=\"so-panel widget widget_sow-button panel-first-child panel-last-child\" data-index=\"5\" ><div\n\t\t\t\n\t\t\tclass=\"so-widget-sow-button so-widget-sow-button-atom-f853773197fd-18\"\n\t\t\t\n\t\t><div class=\"ow-button-base ow-button-align-center\">\n\t<a href=\"https:\/\/www.fratelli-bertolotti.com\/it\/sala-prove\/studio-e-verifica-della-vibrazioni\/\" class=\"ow-icon-placement-left ow-button-hover\" \t\t>\n\t\t<span>\n\t\t\t\n\t\t\tStudio e verifica delle vibrazioni\t\t<\/span>\n\t<\/a>\n<\/div>\n<\/div><\/div><\/div><div id=\"pgc-18-2-2\"  class=\"panel-grid-cell\" ><div id=\"panel-18-2-2-0\" class=\"so-panel widget widget_sow-button panel-first-child panel-last-child\" data-index=\"6\" ><div\n\t\t\t\n\t\t\tclass=\"so-widget-sow-button so-widget-sow-button-atom-f853773197fd-18\"\n\t\t\t\n\t\t><div class=\"ow-button-base ow-button-align-center\">\n\t<a href=\"https:\/\/www.fratelli-bertolotti.com\/it\/sala-prove\/prove-su-distanziatori\/\" class=\"ow-icon-placement-left ow-button-hover\" \t\t>\n\t\t<span>\n\t\t\t\n\t\t\tProve su distanziatori\t\t<\/span>\n\t<\/a>\n<\/div>\n<\/div><\/div><\/div><\/div><\/div>","protected":false},"excerpt":{"rendered":"<p>La particolarit\u00e0 del mercato oggetto dell\u2019attivit\u00e0 dell\u2019Azienda, determina la necessit\u00e0 di seguire con particolare cura l\u2019attivit\u00e0 di ricerca e progettazione mirata sia alle novit\u00e0 tecnologiche innovative che al mantenimento del livello tecnico di produzione.In particolare l\u2019azienda possiede una sala prove debitamente attrezzata per prove meccaniche, dinamiche ed elettriche e fornita della pi\u00f9 moderna apparecchiatura per [&hellip;]<\/p>\n <a class=\"more-link\" href=\"https:\/\/www.fratelli-bertolotti.com\/it\/sala-prove\/\">Keep reading<\/a>","protected":false},"author":1,"featured_media":0,"parent":0,"menu_order":4,"comment_status":"closed","ping_status":"closed","template":"","meta":[],"_links":{"self":[{"href":"https:\/\/www.fratelli-bertolotti.com\/it\/wp-json\/wp\/v2\/pages\/18"}],"collection":[{"href":"https:\/\/www.fratelli-bertolotti.com\/it\/wp-json\/wp\/v2\/pages"}],"about":[{"href":"https:\/\/www.fratelli-bertolotti.com\/it\/wp-json\/wp\/v2\/types\/page"}],"author":[{"embeddable":true,"href":"https:\/\/www.fratelli-bertolotti.com\/it\/wp-json\/wp\/v2\/users\/1"}],"replies":[{"embeddable":true,"href":"https:\/\/www.fratelli-bertolotti.com\/it\/wp-json\/wp\/v2\/comments?post=18"}],"version-history":[{"count":7,"href":"https:\/\/www.fratelli-bertolotti.com\/it\/wp-json\/wp\/v2\/pages\/18\/revisions"}],"predecessor-version":[{"id":326,"href":"https:\/\/www.fratelli-bertolotti.com\/it\/wp-json\/wp\/v2\/pages\/18\/revisions\/326"}],"wp:attachment":[{"href":"https:\/\/www.fratelli-bertolotti.com\/it\/wp-json\/wp\/v2\/media?parent=18"}],"curies":[{"name":"wp","href":"https:\/\/api.w.org\/{rel}","templated":true}]}}