{"id":27,"date":"2016-03-02T13:29:45","date_gmt":"2016-03-02T12:29:45","guid":{"rendered":"http:\/\/www.fratelli-bertolotti.com\/?page_id=27"},"modified":"2026-04-10T14:11:39","modified_gmt":"2026-04-10T12:11:39","slug":"qualita-e-certificati","status":"publish","type":"page","link":"https:\/\/www.fratelli-bertolotti.com\/it\/qualita-e-certificati\/","title":{"rendered":"Qualit\u00e0 e Certificati"},"content":{"rendered":"<div id=\"pl-27\"  class=\"panel-layout\" ><div id=\"pg-27-0\"  class=\"panel-grid panel-no-style\" ><div id=\"pgc-27-0-0\"  class=\"panel-grid-cell\" ><div id=\"panel-27-0-0-0\" class=\"so-panel widget widget_sow-editor panel-first-child\" data-index=\"0\" ><div\n\t\t\t\n\t\t\tclass=\"so-widget-sow-editor so-widget-sow-editor-base\"\n\t\t\t\n\t\t>\n<div class=\"siteorigin-widget-tinymce textwidget\">\n\t<p style=\"text-align: justify;\">La particolarit\u00e0 del mercato oggetto dell\u2019attivit\u00e0 dell\u2019Azienda, determina la necessit\u00e0 di seguire con particolare cura l\u2019attivit\u00e0 di ricerca e progettazione mirata sia alle novit\u00e0 tecnologiche innovative che al mantenimento del livello tecnico di produzione. Parallelamente si sono sviluppate le necessit\u00e0 qualitative dei clienti e l'impegno dell'Azienda per soddisfarle. Il controllo sulla produzione, effettuata praticamente da sempre, sviluppandosi in modo sempre pi\u00f9 raffinato ha innescato l'impostazione del Sistema di Qualit\u00e0 Aziendale che, iniziato all'inizio degli anni novanta, si \u00e8 formalizzato compiutamente con l'ottenimento della Certificazione e nei relativi adeguamenti della stessa.<br \/>\nIl Sistema di Qualit\u00e0, volto sempre pi\u00f9 alla soddisfazione del Cliente, documentato dal Manuale della Qualit\u00e0, dalle procedure aziendali e dai documenti correlati, permette all'Azienda di ottemperare alle prescrizioni dei vari Clienti in modo completo, di sviluppare nuovi prodotti e affinare le tecnologie di produzione. Inoltre l\u2019Azienda, per alcuni particolari processi (saldatura) ha ritenuto di operare utilizzando operatori certificati; sono certificati inoltre gli operatori di prove non distruttive come i controlli magnetoscopici e con liquidi penetranti. \u200b Si pu\u00f2 concludere, pertanto che l'evoluzione qualitativa della Officina Fratelli Bertolotti \u00e8 progressiva e costante, conforme alle normative e volta alla \u201csoddisfazione del cliente\u201d.<\/p>\n<\/div>\n<\/div><\/div><div id=\"panel-27-0-0-1\" class=\"so-panel widget widget_sow-editor panel-last-child\" data-index=\"1\" ><div\n\t\t\t\n\t\t\tclass=\"so-widget-sow-editor so-widget-sow-editor-base\"\n\t\t\t\n\t\t>\n<div class=\"siteorigin-widget-tinymce textwidget\">\n\t<p><strong>Certificazioni Sistemi Qualit\u00e0<\/strong><\/p>\n\n<table id=\"tablepress-1\" class=\"tablepress tablepress-id-1\">\n<thead>\n<tr class=\"row-1 odd\">\n\t<th class=\"column-1\">Norma \/ Standard<\/th><th class=\"column-2\">Numero \/ Number<\/th><th class=\"column-3\">Emissione \/ First Issue<\/th><th class=\"column-4\">Revisione \/ Current Issue<\/th><th class=\"column-5\">Scadenza \/ Expiry Date<\/th>\n<\/tr>\n<\/thead>\n<tbody class=\"row-hover\">\n<tr class=\"row-2 even\">\n\t<td class=\"column-1\"><a href=\"https:\/\/www.fratelli-bertolotti.com\/wp-content\/uploads\/2024\/05\/Certificato-ISO-9001_2015.pdf\" rel=\"noopener\" target=\"_blank\">UNI EN ISO 9001:2015<\/a><\/td><td class=\"column-2\">529<\/td><td class=\"column-3\">27\/02\/2015<\/td><td class=\"column-4\">01\/04\/2021<\/td><td class=\"column-5\">05\/02\/2027<\/td>\n<\/tr>\n<tr class=\"row-3 odd\">\n\t<td class=\"column-1\"><a href=\"https:\/\/www.fratelli-bertolotti.com\/wp-content\/uploads\/2024\/01\/Certificato-EN-1090-1.pdf\" rel=\"noopener\" target=\"_blank\">UNI EN 1090-1:2012<\/a><\/td><td class=\"column-2\">0475-CPR-40<\/td><td class=\"column-3\">30\/05\/2014<\/td><td class=\"column-4\">01\/04\/2021<\/td><td class=\"column-5\">--\/--\/----<\/td>\n<\/tr>\n<tr class=\"row-4 even\">\n\t<td class=\"column-1\"><a href=\"https:\/\/www.fratelli-bertolotti.com\/wp-content\/uploads\/2024\/05\/Certificato_Riassuntivo-ISO3834-2.pdf\" rel=\"noopener\" target=\"_blank\">UNI EN ISO 3834-2:2021<\/a><\/td><td class=\"column-2\">2\/IT\/483<\/td><td class=\"column-3\">05\/02\/2013<\/td><td class=\"column-4\">01\/04\/2021<\/td><td class=\"column-5\">05\/02\/2027<\/td>\n<\/tr>\n<tr class=\"row-5 odd\">\n\t<td class=\"column-1\"><a href=\"https:\/\/www.fratelli-bertolotti.com\/wp-content\/uploads\/2024\/01\/Certificato-ISO-27001_2017.pdf\" rel=\"noopener\" target=\"_blank\">UNI CEI EN ISO\/IEC 27001:2017<\/a><\/td><td class=\"column-2\">I288<\/td><td class=\"column-3\">12\/06\/2023<\/td><td class=\"column-4\">12\/06\/2023<\/td><td class=\"column-5\">11\/06\/2026<\/td>\n<\/tr>\n<tr class=\"row-6 even\">\n\t<td class=\"column-1\"><a href=\"https:\/\/www.fratelli-bertolotti.com\/wp-content\/uploads\/2026\/02\/Certificato-ISO-14001_2015-Valido-23.10.2028.pdf\" rel=\"noopener\" target=\"_blank\">UNI EN ISO 14001:2015<\/a><\/td><td class=\"column-2\">C2022-04277<\/td><td class=\"column-3\">24\/10\/2022<\/td><td class=\"column-4\">22\/10\/2025<\/td><td class=\"column-5\">23\/10\/2028<\/td>\n<\/tr>\n<tr class=\"row-7 odd\">\n\t<td class=\"column-1\"><a href=\"https:\/\/www.fratelli-bertolotti.com\/wp-content\/uploads\/2026\/04\/Certificato-ISO-37001_2016-Valido-08.06.2026.pdf\" rel=\"noopener\" target=\"_blank\">UNI ISO 37001:2016<\/a><\/td><td class=\"column-2\">C2023-02946<\/td><td class=\"column-3\">09\/06\/2023<\/td><td class=\"column-4\">07\/04\/2026<\/td><td class=\"column-5\">08\/06\/2026<\/td>\n<\/tr>\n<tr class=\"row-8 even\">\n\t<td class=\"column-1\"><a href=\"https:\/\/www.fratelli-bertolotti.com\/wp-content\/uploads\/2026\/02\/Certificato-ISO-45001_2018-Valido-23.10.2028.pdf\" rel=\"noopener\" target=\"_blank\">UNI ISO 45001:2018<\/a><\/td><td class=\"column-2\">C2022-04278<\/td><td class=\"column-3\">24\/10\/2022<\/td><td class=\"column-4\">22\/10\/2025<\/td><td class=\"column-5\">23\/10\/2028<\/td>\n<\/tr>\n<tr class=\"row-9 odd\">\n\t<td class=\"column-1\"><a href=\"https:\/\/www.fratelli-bertolotti.com\/wp-content\/uploads\/2026\/02\/Certificato-ISO-50001_2018-Valido-12.10.2028.pdf\" rel=\"noopener\" target=\"_blank\">UNI CEI EN ISO 50001:2018<\/a><\/td><td class=\"column-2\">H085<\/td><td class=\"column-3\">13\/10\/2022<\/td><td class=\"column-4\">13\/10\/2025<\/td><td class=\"column-5\">12\/10\/2028<\/td>\n<\/tr>\n<tr class=\"row-10 even\">\n\t<td class=\"column-1\"><a href=\"https:\/\/www.fratelli-bertolotti.com\/wp-content\/uploads\/2026\/02\/Certificato-SA8000_2014-Valido-28.10.2028.pdf\" rel=\"noopener\" target=\"_blank\">SA8000:2014<\/a><\/td><td class=\"column-2\">SA071<\/td><td class=\"column-3\">12\/10\/2022<\/td><td class=\"column-4\">21\/10\/2025<\/td><td class=\"column-5\">20\/10\/2028<\/td>\n<\/tr>\n<tr class=\"row-11 odd\">\n\t<td class=\"column-1\"><a href=\"https:\/\/www.fratelli-bertolotti.com\/wp-content\/uploads\/2024\/01\/Certificato-ISO-55001_2014.pdf\" rel=\"noopener\" target=\"_blank\">UNI EN ISO 55001:2018<\/a><\/td><td class=\"column-2\">ASM002<\/td><td class=\"column-3\">12\/06\/2023<\/td><td class=\"column-4\">12\/06\/2023<\/td><td class=\"column-5\">11\/06\/2026<\/td>\n<\/tr>\n<\/tbody>\n<\/table>\n<!-- #tablepress-1 from cache -->\n<\/div>\n<\/div><\/div><\/div><\/div><div id=\"pg-27-1\"  class=\"panel-grid panel-no-style\" ><div id=\"pgc-27-1-0\"  class=\"panel-grid-cell\" ><div id=\"panel-27-1-0-0\" class=\"so-panel widget widget_sow-button panel-first-child panel-last-child\" data-index=\"2\" ><div\n\t\t\t\n\t\t\tclass=\"so-widget-sow-button so-widget-sow-button-atom-af7ebcf04d89-27\"\n\t\t\t\n\t\t><div class=\"ow-button-base ow-button-align-center\">\n\t<a href=\"https:\/\/www.fratelli-bertolotti.com\/wp-content\/uploads\/2024\/01\/Politica-della-Qualita_Rev02-Formato-A4.pdf\" class=\"ow-icon-placement-left ow-button-hover\" target=\"_blank\" rel=\"noopener noreferrer\" \t\t>\n\t\t<span>\n\t\t\t\n\t\t\tPolitica Aziendale\t\t<\/span>\n\t<\/a>\n<\/div>\n<\/div><\/div><\/div><div id=\"pgc-27-1-1\"  class=\"panel-grid-cell\" ><div id=\"panel-27-1-1-0\" class=\"so-panel widget widget_sow-button panel-first-child panel-last-child\" data-index=\"3\" ><div\n\t\t\t\n\t\t\tclass=\"so-widget-sow-button so-widget-sow-button-atom-af7ebcf04d89-27\"\n\t\t\t\n\t\t><div class=\"ow-button-base ow-button-align-center\">\n\t<a href=\"https:\/\/www.fratelli-bertolotti.com\/wp-content\/uploads\/2024\/01\/ALL.1-POLITICA-SGSI-rev00.pdf\" class=\"ow-icon-placement-left ow-button-hover\" target=\"_blank\" rel=\"noopener noreferrer\" \t\t>\n\t\t<span>\n\t\t\t\n\t\t\tPolitica per la Sicurezza\t\t<\/span>\n\t<\/a>\n<\/div>\n<\/div><\/div><\/div><div id=\"pgc-27-1-2\"  class=\"panel-grid-cell\" ><div id=\"panel-27-1-2-0\" class=\"so-panel widget widget_sow-button panel-first-child panel-last-child\" data-index=\"4\" ><div\n\t\t\t\n\t\t\tclass=\"so-widget-sow-button so-widget-sow-button-atom-af7ebcf04d89-27\"\n\t\t\t\n\t\t><div class=\"ow-button-base ow-button-align-center\">\n\t<a href=\"https:\/\/www.fratelli-bertolotti.com\/wp-content\/uploads\/2024\/01\/ALL.1_Politica-di-prevenzione-della-corruzione-Rev01-1.pdf\" class=\"ow-icon-placement-left ow-button-hover\" target=\"_blank\" rel=\"noopener noreferrer\" \t\t>\n\t\t<span>\n\t\t\t\n\t\t\tPolitica Prevenzione della Corruzione\t\t<\/span>\n\t<\/a>\n<\/div>\n<\/div><\/div><\/div><\/div><div id=\"pg-27-2\"  class=\"panel-grid panel-no-style\" ><div id=\"pgc-27-2-0\"  class=\"panel-grid-cell\" ><div id=\"panel-27-2-0-0\" class=\"so-panel widget widget_sow-button panel-first-child panel-last-child\" data-index=\"5\" ><div\n\t\t\t\n\t\t\tclass=\"so-widget-sow-button so-widget-sow-button-atom-af7ebcf04d89-27\"\n\t\t\t\n\t\t><div class=\"ow-button-base ow-button-align-center\">\n\t<a href=\"https:\/\/www.fratelli-bertolotti.com\/wp-content\/uploads\/2024\/01\/Codice-Etico_Rev00.pdf\" class=\"ow-icon-placement-left ow-button-hover\" target=\"_blank\" rel=\"noopener noreferrer\" \t\t>\n\t\t<span>\n\t\t\t\n\t\t\tCodice Etico\t\t<\/span>\n\t<\/a>\n<\/div>\n<\/div><\/div><\/div><div id=\"pgc-27-2-1\"  class=\"panel-grid-cell\" ><div id=\"panel-27-2-1-0\" class=\"so-panel widget widget_sow-button panel-first-child panel-last-child\" data-index=\"6\" ><div\n\t\t\t\n\t\t\tclass=\"so-widget-sow-button so-widget-sow-button-atom-af7ebcf04d89-27\"\n\t\t\t\n\t\t><div class=\"ow-button-base ow-button-align-center\">\n\t<a href=\"https:\/\/www.fratelli-bertolotti.com\/wp-content\/uploads\/2024\/01\/ALL.6_Codice-Etico-e-di-comportamento_Rev00.pdf\" class=\"ow-icon-placement-left ow-button-hover\" target=\"_blank\" rel=\"noopener noreferrer\" \t\t>\n\t\t<span>\n\t\t\t\n\t\t\tCodice Etico e di Comportamento\t\t<\/span>\n\t<\/a>\n<\/div>\n<\/div><\/div><\/div><div id=\"pgc-27-2-2\"  class=\"panel-grid-cell\" ><div id=\"panel-27-2-2-0\" class=\"so-panel widget widget_sow-button panel-first-child panel-last-child\" data-index=\"7\" ><div\n\t\t\t\n\t\t\tclass=\"so-widget-sow-button so-widget-sow-button-atom-af7ebcf04d89-27\"\n\t\t\t\n\t\t><div class=\"ow-button-base ow-button-align-center\">\n\t<a href=\"https:\/\/www.fratelli-bertolotti.com\/wp-content\/uploads\/2026\/04\/16_DC01-Bilancio_Sociale_2025.pdf\" class=\"ow-icon-placement-left ow-button-hover\" target=\"_blank\" rel=\"noopener noreferrer\" \t\t>\n\t\t<span>\n\t\t\t\n\t\t\tBilancio Sociale\t\t<\/span>\n\t<\/a>\n<\/div>\n<\/div><\/div><\/div><\/div><div id=\"pg-27-3\"  class=\"panel-grid panel-no-style\" ><div id=\"pgc-27-3-0\"  class=\"panel-grid-cell\" ><div id=\"panel-27-3-0-0\" class=\"so-panel widget widget_sow-button panel-first-child panel-last-child\" data-index=\"8\" ><div\n\t\t\t\n\t\t\tclass=\"so-widget-sow-button so-widget-sow-button-atom-af7ebcf04d89-27\"\n\t\t\t\n\t\t><div class=\"ow-button-base ow-button-align-center\">\n\t<a href=\"https:\/\/www.fratelli-bertolotti.com\/wp-content\/uploads\/2024\/05\/18_PR01_Gestione-delle-segnalazioni-e-illeciti-Rev00.pdf\" class=\"ow-icon-placement-left ow-button-hover\" target=\"_blank\" rel=\"noopener noreferrer\" \t\t>\n\t\t<span>\n\t\t\t\n\t\t\tGestione delle Segnalazioni e Illeciti\t\t<\/span>\n\t<\/a>\n<\/div>\n<\/div><\/div><\/div><div id=\"pgc-27-3-1\"  class=\"panel-grid-cell panel-grid-cell-empty panel-grid-cell-mobile-last\" ><\/div><div id=\"pgc-27-3-2\"  class=\"panel-grid-cell panel-grid-cell-empty\" ><\/div><\/div><\/div>","protected":false},"excerpt":{"rendered":"<p>La particolarit\u00e0 del mercato oggetto dell\u2019attivit\u00e0 dell\u2019Azienda, determina la necessit\u00e0 di seguire con particolare cura l\u2019attivit\u00e0 di ricerca e progettazione mirata sia alle novit\u00e0 tecnologiche innovative che al mantenimento del livello tecnico di produzione. Parallelamente si sono sviluppate le necessit\u00e0 qualitative dei clienti e l&#8217;impegno dell&#8217;Azienda per soddisfarle. Il controllo sulla produzione, effettuata praticamente da [&hellip;]<\/p>\n <a class=\"more-link\" href=\"https:\/\/www.fratelli-bertolotti.com\/it\/qualita-e-certificati\/\">Keep reading<\/a>","protected":false},"author":1,"featured_media":0,"parent":0,"menu_order":7,"comment_status":"closed","ping_status":"closed","template":"","meta":[],"_links":{"self":[{"href":"https:\/\/www.fratelli-bertolotti.com\/it\/wp-json\/wp\/v2\/pages\/27"}],"collection":[{"href":"https:\/\/www.fratelli-bertolotti.com\/it\/wp-json\/wp\/v2\/pages"}],"about":[{"href":"https:\/\/www.fratelli-bertolotti.com\/it\/wp-json\/wp\/v2\/types\/page"}],"author":[{"embeddable":true,"href":"https:\/\/www.fratelli-bertolotti.com\/it\/wp-json\/wp\/v2\/users\/1"}],"replies":[{"embeddable":true,"href":"https:\/\/www.fratelli-bertolotti.com\/it\/wp-json\/wp\/v2\/comments?post=27"}],"version-history":[{"count":33,"href":"https:\/\/www.fratelli-bertolotti.com\/it\/wp-json\/wp\/v2\/pages\/27\/revisions"}],"predecessor-version":[{"id":1024,"href":"https:\/\/www.fratelli-bertolotti.com\/it\/wp-json\/wp\/v2\/pages\/27\/revisions\/1024"}],"wp:attachment":[{"href":"https:\/\/www.fratelli-bertolotti.com\/it\/wp-json\/wp\/v2\/media?parent=27"}],"curies":[{"name":"wp","href":"https:\/\/api.w.org\/{rel}","templated":true}]}}