{"id":782,"date":"2022-06-30T17:01:00","date_gmt":"2022-06-30T15:01:00","guid":{"rendered":"https:\/\/www.fratelli-bertolotti.com\/?page_id=782"},"modified":"2022-06-30T17:20:06","modified_gmt":"2022-06-30T15:20:06","slug":"pendino-smorzatore-ferroviario-per-linee-aeree-di-contatto","status":"publish","type":"page","link":"https:\/\/www.fratelli-bertolotti.com\/it\/ricerca-sviluppo\/pendino-smorzatore-ferroviario-per-linee-aeree-di-contatto\/","title":{"rendered":"Pendino Smorzatore Ferroviario per linee aeree di contatto"},"content":{"rendered":"<div id=\"pl-782\"  class=\"panel-layout\" ><div id=\"pg-782-0\"  class=\"panel-grid panel-no-style\" ><div id=\"pgc-782-0-0\"  class=\"panel-grid-cell\" ><div id=\"panel-782-0-0-0\" class=\"so-panel widget widget_siteorigin-panels-builder panel-first-child panel-last-child\" data-index=\"0\" ><div id=\"pl-w62bdbc4e02cca\"  class=\"panel-layout\" ><div id=\"pg-w62bdbc4e02cca-0\"  class=\"panel-grid panel-no-style\" ><div id=\"pgc-w62bdbc4e02cca-0-0\"  class=\"panel-grid-cell\" ><div id=\"panel-w62bdbc4e02cca-0-0-0\" class=\"so-panel widget widget_sow-editor panel-first-child panel-last-child\" data-index=\"0\" ><div\n\t\t\t\n\t\t\tclass=\"so-widget-sow-editor so-widget-sow-editor-base\"\n\t\t\t\n\t\t>\n<div class=\"siteorigin-widget-tinymce textwidget\">\n\t<p style=\"text-align: justify;\">Tra tutti i fattori tecnici che governano la complessa dinamica di interazione pantografo-catenaria, quello che ha il maggior effetto sulla velocit\u00e0 massima di percorrenza del treno \u00e8 la tesatura del filo di contatto.<\/p>\n<p style=\"text-align: justify;\">La soluzione pi\u00f9 diretta per aumentare la velocit\u00e0, ovvero la maggior tesatura dei conduttori, comporta per\u00f2 notevoli problemi legati all\u2019adeguamento dell\u2019infrastruttura (maggiore resistenza dei pali, modifica della linea di contatto in modo che il materiale sia in grado di sopportare i maggiori carichi) e di conseguenza elevati costi e interruzioni del traffico ferroviario necessario per attuare le modifiche.<\/p>\n<p style=\"text-align: justify;\">Le soluzioni alternative alla tesatura dei conduttori finora escogitate, presentano tutte dei problemi che le rendono inadatte alla loro applicazione o per motivi economici oppure per i limitati benefici tecnici che si ottengono dalla loro messa in opera.<\/p>\n<p style=\"text-align: justify;\">Il pendino smorzante di <strong>Officina Fratelli Bertolotti<\/strong> risolve i problemi tipici delle soluzioni esistenti grazie ad un modello totalmente innovativo rispetto alle precedenti formulazioni. Il nostro pendino smorzante sfrutta la non linearit\u00e0 cineto-dinamica realizzata della costruzione specifica, \u00e8 meccanicamente semplice, non \u00e8 accordato ad una specifica frequenza, funziona per piccole e grandi oscillazioni, non utilizza fluidi che possono disperdersi nell\u2019ambiente ed \u00e8 ispezionabile visivamente per verificarne la funzionalit\u00e0.<\/p>\n<\/div>\n<\/div><\/div><\/div><div id=\"pgc-w62bdbc4e02cca-0-1\"  class=\"panel-grid-cell\" ><div id=\"panel-w62bdbc4e02cca-0-1-0\" class=\"so-panel widget widget_media_image panel-first-child panel-last-child\" data-index=\"1\" ><a href=\"https:\/\/www.fratelli-bertolotti.com\/wp-content\/uploads\/2022\/06\/Schermata-2022-05-27-alle-12.16.00.png\"><img width=\"338\" height=\"1296\" src=\"https:\/\/www.fratelli-bertolotti.com\/wp-content\/uploads\/2022\/06\/Schermata-2022-05-27-alle-12.16.00.png\" class=\"image wp-image-785  attachment-full size-full\" alt=\"\" decoding=\"async\" loading=\"lazy\" style=\"max-width: 100%; height: auto;\" srcset=\"https:\/\/www.fratelli-bertolotti.com\/wp-content\/uploads\/2022\/06\/Schermata-2022-05-27-alle-12.16.00.png 338w, https:\/\/www.fratelli-bertolotti.com\/wp-content\/uploads\/2022\/06\/Schermata-2022-05-27-alle-12.16.00-78x300.png 78w, https:\/\/www.fratelli-bertolotti.com\/wp-content\/uploads\/2022\/06\/Schermata-2022-05-27-alle-12.16.00-267x1024.png 267w\" sizes=\"(max-width: 338px) 100vw, 338px\" \/><\/a><\/div><\/div><\/div><div id=\"pg-w62bdbc4e02cca-1\"  class=\"panel-grid panel-no-style\" ><div id=\"pgc-w62bdbc4e02cca-1-0\"  class=\"panel-grid-cell\" ><div id=\"panel-w62bdbc4e02cca-1-0-0\" class=\"so-panel widget widget_media_image panel-first-child panel-last-child\" data-index=\"2\" ><a href=\"https:\/\/www.fratelli-bertolotti.com\/wp-content\/uploads\/2022\/06\/Pendino_per_Parigi-Bsito.png\"><img width=\"415\" height=\"621\" src=\"https:\/\/www.fratelli-bertolotti.com\/wp-content\/uploads\/2022\/06\/Pendino_per_Parigi-Bsito.png\" class=\"image wp-image-783  attachment-full size-full\" alt=\"\" decoding=\"async\" loading=\"lazy\" style=\"max-width: 100%; height: auto;\" srcset=\"https:\/\/www.fratelli-bertolotti.com\/wp-content\/uploads\/2022\/06\/Pendino_per_Parigi-Bsito.png 415w, https:\/\/www.fratelli-bertolotti.com\/wp-content\/uploads\/2022\/06\/Pendino_per_Parigi-Bsito-200x300.png 200w\" sizes=\"(max-width: 415px) 100vw, 415px\" \/><\/a><\/div><\/div><div id=\"pgc-w62bdbc4e02cca-1-1\"  class=\"panel-grid-cell\" ><div id=\"panel-w62bdbc4e02cca-1-1-0\" class=\"so-panel widget widget_sow-editor panel-first-child panel-last-child\" data-index=\"3\" ><div\n\t\t\t\n\t\t\tclass=\"so-widget-sow-editor so-widget-sow-editor-base\"\n\t\t\t\n\t\t>\n<div class=\"siteorigin-widget-tinymce textwidget\">\n\t<p style=\"text-align: justify;\">Il dispositivo smorzante \u00e8 compatto e dimensionalmente compatibile con le richieste<br \/>\ndel settore. Inoltre, la nostra soluzione permette di ridurre come minimo di un fattore 10 i costi che le infrastrutture ferroviarie dovrebbero sostenere nel caso dell\u2019aumento della tesatura dei conduttori.<br \/>\nL\u2019innovativa soluzione da noi studiata migliora considerevolmente l\u2019efficienza di captazione poich\u00e9 risolve il problema della perdita di contatto tra il filo della linea aerea e la striscia di contatto, sia su treni con uno che con due pantografi.<\/p>\n<p style=\"text-align: justify;\">Abbiamo studiato l\u2019effetto del pendino smorzante sul contatto pantografo-catenaria per un treno a doppio pantografo in accordo alla pi\u00f9 recente normativa di settore.<\/p>\n<\/div>\n<\/div><\/div><\/div><\/div><div id=\"pg-w62bdbc4e02cca-2\"  class=\"panel-grid panel-no-style\" ><div id=\"pgc-w62bdbc4e02cca-2-0\"  class=\"panel-grid-cell\" ><div id=\"panel-w62bdbc4e02cca-2-0-0\" class=\"so-panel widget widget_sow-editor panel-first-child panel-last-child\" data-index=\"4\" ><div\n\t\t\t\n\t\t\tclass=\"so-widget-sow-editor so-widget-sow-editor-base\"\n\t\t\t\n\t\t>\n<div class=\"siteorigin-widget-tinymce textwidget\">\n\t<p style=\"text-align: justify;\">L\u2019analisi ha mostrato un\u2019enorme efficacia del nostro dispositivo nell\u2019ammortizzare le vibrazioni indotte dal primo pantografo sul secondo, il quale elimina completamente il problema della perdita di contatto e quindi introduce di fatto un miglioramento tecnico notevolissimo, tale da poter prevedere l\u2019innalzamento della velocit\u00e0 del trasporto sulle linee. Il dispositivo della Officina Fratelli Bertolotti \u00e8 stato giudicato interessante non solo per l\u2019alta velocit\u00e0, bens\u00ec anche per il trasporto merci su rotaia.<\/p>\n<p style=\"text-align: justify;\">Officina Fratelli Bertolotti ha brevettato il dispositivo sviluppato in collaborazione con il Dipartimento di Ingegneria Meccanica e Aerospaziale (DIMEAS) del Politecnico di Torino (Polito).<\/p>\n<\/div>\n<\/div><\/div><\/div><\/div><\/div><\/div><\/div><\/div><\/div>","protected":false},"excerpt":{"rendered":"<p>Tra tutti i fattori tecnici che governano la complessa dinamica di interazione pantografo-catenaria, quello che ha il maggior effetto sulla velocit\u00e0 massima di percorrenza del treno \u00e8 la tesatura del filo di contatto. La soluzione pi\u00f9 diretta per aumentare la velocit\u00e0, ovvero la maggior tesatura dei conduttori, comporta per\u00f2 notevoli problemi legati all\u2019adeguamento dell\u2019infrastruttura (maggiore [&hellip;]<\/p>\n <a class=\"more-link\" href=\"https:\/\/www.fratelli-bertolotti.com\/it\/ricerca-sviluppo\/pendino-smorzatore-ferroviario-per-linee-aeree-di-contatto\/\">Keep reading<\/a>","protected":false},"author":2,"featured_media":0,"parent":21,"menu_order":2,"comment_status":"closed","ping_status":"closed","template":"","meta":[],"_links":{"self":[{"href":"https:\/\/www.fratelli-bertolotti.com\/it\/wp-json\/wp\/v2\/pages\/782"}],"collection":[{"href":"https:\/\/www.fratelli-bertolotti.com\/it\/wp-json\/wp\/v2\/pages"}],"about":[{"href":"https:\/\/www.fratelli-bertolotti.com\/it\/wp-json\/wp\/v2\/types\/page"}],"author":[{"embeddable":true,"href":"https:\/\/www.fratelli-bertolotti.com\/it\/wp-json\/wp\/v2\/users\/2"}],"replies":[{"embeddable":true,"href":"https:\/\/www.fratelli-bertolotti.com\/it\/wp-json\/wp\/v2\/comments?post=782"}],"version-history":[{"count":12,"href":"https:\/\/www.fratelli-bertolotti.com\/it\/wp-json\/wp\/v2\/pages\/782\/revisions"}],"predecessor-version":[{"id":835,"href":"https:\/\/www.fratelli-bertolotti.com\/it\/wp-json\/wp\/v2\/pages\/782\/revisions\/835"}],"up":[{"embeddable":true,"href":"https:\/\/www.fratelli-bertolotti.com\/it\/wp-json\/wp\/v2\/pages\/21"}],"wp:attachment":[{"href":"https:\/\/www.fratelli-bertolotti.com\/it\/wp-json\/wp\/v2\/media?parent=782"}],"curies":[{"name":"wp","href":"https:\/\/api.w.org\/{rel}","templated":true}]}}